{"id":7,"date":"2024-06-06T07:24:27","date_gmt":"2024-06-06T07:24:27","guid":{"rendered":"https:\/\/lbformaction.fr\/?page_id=7"},"modified":"2025-11-03T17:17:27","modified_gmt":"2025-11-03T17:17:27","slug":"accueil","status":"publish","type":"page","link":"https:\/\/lbformaction.fr\/","title":{"rendered":"Accueil"},"content":{"rendered":"\t\t<div data-elementor-type=\"wp-page\" data-elementor-id=\"7\" class=\"elementor elementor-7\" data-elementor-post-type=\"page\">\n\t\t\t\t<div class=\"elementor-element elementor-element-bd73f5e e-flex e-con-boxed e-con e-parent\" data-id=\"bd73f5e\" data-element_type=\"container\" data-e-type=\"container\" data-settings=\"{&quot;background_background&quot;:&quot;slideshow&quot;,&quot;background_slideshow_gallery&quot;:[{&quot;id&quot;:204,&quot;url&quot;:&quot;https:\\\/\\\/lbformaction.fr\\\/wp-content\\\/uploads\\\/2024\\\/06\\\/Welcomeredim.jpg&quot;},{&quot;id&quot;:205,&quot;url&quot;:&quot;https:\\\/\\\/lbformaction.fr\\\/wp-content\\\/uploads\\\/2024\\\/06\\\/Welcomeredim2.jpg&quot;}],&quot;background_slideshow_loop&quot;:&quot;yes&quot;,&quot;background_slideshow_slide_duration&quot;:5000,&quot;background_slideshow_slide_transition&quot;:&quot;fade&quot;,&quot;background_slideshow_transition_duration&quot;:500}\">\n\t\t\t\t\t<div class=\"e-con-inner\">\n\t\t\t\t<div class=\"elementor-element elementor-element-ee88fbf elementor-widget__width-initial elementor-widget elementor-widget-text-editor\" data-id=\"ee88fbf\" data-element_type=\"widget\" data-e-type=\"widget\" data-widget_type=\"text-editor.default\">\n\t\t\t\t<div class=\"elementor-widget-container\">\n\t\t\t\t\t\t\t\t\t\n<h1 style=\"text-align: center;\"><strong>Bienvenue\u00a0 sur notre site !<\/strong><\/h1>\n<p>\u00a0<\/p>\n<ul>\n<li style=\"text-align: left;\"><strong>Vous \u00eates un particulier ?<\/strong><\/li>\n<li style=\"text-align: left;\"><strong>Vous cherchez \u00e0 am\u00e9liorer vos connaisances en informatique ?<\/strong><\/li>\n<li style=\"text-align: left;\"><strong>Vous souhaitez simplement utiliser votre ordinateur correctement ?<\/strong><\/li>\n<li style=\"text-align: left;\"><strong>Votre nouvelle imprimante \u00e0 besoin d&rsquo;aide ?<\/strong><\/li>\n<li style=\"text-align: left;\"><strong>Les sites internet sont une nubuleuse obscure ?<\/strong><\/li>\n<li style=\"text-align: left;\"><strong>Les mise \u00e0 jour vous stress ?<\/strong><\/li>\n<li style=\"text-align: left;\"><strong>La s\u00e9curit\u00e9 de vos donn\u00e9es est importante ?<\/strong><\/li>\n<\/ul>\n<p><strong>Autant de questions auquelles LB Form&rsquo;Action peut r\u00e9pondre. Nous intervenons \u00e0 votre domicile et vous pouvez profitez d&rsquo;un cr\u00e9dit d&rsquo;imp\u00f4t grace au service \u00e0 la personne<\/strong><\/p>\n<p>\u00a0<\/p>\n<p><img fetchpriority=\"high\" decoding=\"async\" class=\"aligncenter\" src=\"https:\/\/lbformaction.fr\/wp-content\/uploads\/2024\/06\/Traceur_SAP_buro_rvb_png-300x249.png\" alt=\"\" width=\"300\" height=\"249\" \/><\/p>\n\t\t\t\t\t\t\t\t<\/div>\n\t\t\t\t<\/div>\n\t\t\t\t\t<\/div>\n\t\t\t\t<\/div>\n\t\t\t\t<\/div>\n\t\t","protected":false},"excerpt":{"rendered":"","protected":false},"author":1,"featured_media":0,"parent":0,"menu_order":0,"comment_status":"closed","ping_status":"closed","template":"","meta":{"footnotes":""},"class_list":["post-7","page","type-page","status-publish","hentry"],"jetpack_sharing_enabled":true,"_links":{"self":[{"href":"https:\/\/lbformaction.fr\/index.php?rest_route=\/wp\/v2\/pages\/7","targetHints":{"allow":["GET"]}}],"collection":[{"href":"https:\/\/lbformaction.fr\/index.php?rest_route=\/wp\/v2\/pages"}],"about":[{"href":"https:\/\/lbformaction.fr\/index.php?rest_route=\/wp\/v2\/types\/page"}],"author":[{"embeddable":true,"href":"https:\/\/lbformaction.fr\/index.php?rest_route=\/wp\/v2\/users\/1"}],"replies":[{"embeddable":true,"href":"https:\/\/lbformaction.fr\/index.php?rest_route=%2Fwp%2Fv2%2Fcomments&post=7"}],"version-history":[{"count":45,"href":"https:\/\/lbformaction.fr\/index.php?rest_route=\/wp\/v2\/pages\/7\/revisions"}],"predecessor-version":[{"id":621,"href":"https:\/\/lbformaction.fr\/index.php?rest_route=\/wp\/v2\/pages\/7\/revisions\/621"}],"wp:attachment":[{"href":"https:\/\/lbformaction.fr\/index.php?rest_route=%2Fwp%2Fv2%2Fmedia&parent=7"}],"curies":[{"name":"wp","href":"https:\/\/api.w.org\/{rel}","templated":true}]}}