{"id":111,"date":"2024-06-16T15:13:23","date_gmt":"2024-06-16T15:13:23","guid":{"rendered":"https:\/\/lbformaction.fr\/?page_id=111"},"modified":"2025-11-03T17:16:16","modified_gmt":"2025-11-03T17:16:16","slug":"services","status":"publish","type":"page","link":"https:\/\/lbformaction.fr\/?page_id=111","title":{"rendered":"Services"},"content":{"rendered":"\t\t<div data-elementor-type=\"wp-page\" data-elementor-id=\"111\" class=\"elementor elementor-111\" data-elementor-post-type=\"page\">\n\t\t\t\t<div class=\"elementor-element elementor-element-6976a570 e-flex e-con-boxed e-con e-parent\" data-id=\"6976a570\" data-element_type=\"container\" data-e-type=\"container\">\n\t\t\t\t\t<div class=\"e-con-inner\">\n\t\t\t\t<div class=\"elementor-element elementor-element-7699cdc9 elementor-widget__width-initial elementor-widget elementor-widget-text-editor\" data-id=\"7699cdc9\" data-element_type=\"widget\" data-e-type=\"widget\" data-widget_type=\"text-editor.default\">\n\t\t\t\t<div class=\"elementor-widget-container\">\n\t\t\t\t\t\t\t\t\t<h3 style=\"text-align: center;\"><span style=\"color: #e0dede;\">Profitez du cr\u00e9dit d&rsquo;imp\u00f4ts, tous les particuliers sont \u00e9ligibles<\/span><\/h3>\n<h3 style=\"text-align: center;\"><span style=\"color: #e0dede;\"><img decoding=\"async\" class=\"aligncenter\" style=\"font-family: var( --e-global-typography-text-font-family ), Sans-serif; font-weight: var( --e-global-typography-text-font-weight ); text-align: var(--text-align); font-size: 16px;\" title=\"Traceur_SAP_buro_rvb_png-300x249\" src=\"https:\/\/lbformaction.fr\/wp-content\/uploads\/2024\/06\/Traceur_SAP_buro_rvb_png-300x249-1.png\" alt=\"Traceur_SAP_buro_rvb_png-300x249\" width=\"163\" height=\"135\" data-cmp-ab=\"2\" data-cmp-info=\"10\" \/><\/span><\/h3>\n<ul>\n<li style=\"text-align: left;\"><span style=\"color: #e0dede;\"><strong>D\u00e9pannage et r\u00e9paration<\/strong> :<\/span>\n<ul>\n<li><span style=\"color: #e0dede;\">R\u00e9paration de mat\u00e9riel (ordinateurs, imprimantes, etc.)<\/span><\/li>\n<li><span style=\"color: #e0dede;\">R\u00e9solution de probl\u00e8mes logiciels<\/span><\/li>\n<li><span style=\"color: #e0dede;\">Suppression de virus et malwares<\/span><\/li>\n<\/ul>\n<\/li>\n<li style=\"text-align: left;\"><span style=\"color: #e0dede;\"><strong>Installation et configuration<\/strong> :<\/span>\n<ul>\n<li><span style=\"color: #e0dede;\">Installation de syst\u00e8mes d&rsquo;exploitation et de logiciels<\/span><\/li>\n<li><span style=\"color: #e0dede;\">Configuration de r\u00e9seaux domestiques (Wi-Fi, c\u00e2blage, etc.)<\/span><\/li>\n<li><span style=\"color: #e0dede;\">Mise en place de solutions de sauvegarde de donn\u00e9es<\/span><\/li>\n<\/ul>\n<\/li>\n<li style=\"text-align: left;\"><span style=\"color: #e0dede;\"><strong>Formation et conseils<\/strong> :<\/span>\n<ul>\n<li><span style=\"color: #e0dede;\">Cours d&rsquo;initiation \u00e0 l&rsquo;informatique (bureautique, internet, etc.)<\/span><\/li>\n<li><span style=\"color: #e0dede;\">Conseils pour l&rsquo;achat de mat\u00e9riel et logiciels adapt\u00e9s<\/span><\/li>\n<li><span style=\"color: #e0dede;\">Aide \u00e0 l&rsquo;utilisation des outils num\u00e9riques (smartphones, tablettes, etc.)<\/span><\/li>\n<\/ul>\n<\/li>\n<li style=\"text-align: left;\"><span style=\"color: #e0dede;\"><strong>Maintenance et optimisation<\/strong> :<\/span>\n<ul>\n<li><span style=\"color: #e0dede;\">Nettoyage et optimisation des performances des ordinateurs<\/span><\/li>\n<li><span style=\"color: #e0dede;\">Mise \u00e0 jour de logiciels et syst\u00e8mes d&rsquo;exploitation<\/span><\/li>\n<li><span style=\"color: #e0dede;\">Gestion et organisation des donn\u00e9es personnelle<\/span><span style=\"color: #e0dede;\">s<\/span><\/li>\n<\/ul>\n<\/li>\n<li style=\"text-align: left;\"><strong style=\"color: #e0dede;\">S\u00e9curit\u00e9 informatique<\/strong><span style=\"color: #e0dede;\"> :<\/span><\/li>\n<li style=\"list-style-type: none;\">\n<ul>\n<li style=\"list-style-type: none;\">\n<ul>\n<li style=\"text-align: left;\"><span style=\"color: #e0dede;\">Mise en place de solutions de s\u00e9curit\u00e9 (antivirus, pare-feu, etc.)<\/span><\/li>\n<li style=\"text-align: left;\"><span style=\"color: #e0dede;\">Conseils pour la protection des donn\u00e9es personnelles<\/span><\/li>\n<li style=\"text-align: left;\"><span style=\"color: #e0dede;\">Assistance en cas de piratage ou de vol de donn\u00e9es<\/span><\/li>\n<\/ul>\n<\/li>\n<\/ul>\n<\/li>\n<\/ul>\n<p><!-- \/wp:fl-builder\/layout --><\/p>\t\t\t\t\t\t\t\t<\/div>\n\t\t\t\t<\/div>\n\t\t\t\t\t<\/div>\n\t\t\t\t<\/div>\n\t\t\t\t<\/div>\n\t\t","protected":false},"excerpt":{"rendered":"<p>Profitez du cr\u00e9dit d&rsquo;imp\u00f4ts, tous les particuliers sont \u00e9ligibles D\u00e9pannage et r\u00e9paration : R\u00e9paration de mat\u00e9riel (ordinateurs, imprimantes, etc.) R\u00e9solution de probl\u00e8mes logiciels Suppression de virus et malwares Installation et configuration : Installation de syst\u00e8mes d&rsquo;exploitation et de logiciels Configuration de r\u00e9seaux domestiques (Wi-Fi, c\u00e2blage, etc.) Mise en place de solutions de sauvegarde de donn\u00e9es &hellip; <\/p>\n<p class=\"link-more\"><a href=\"https:\/\/lbformaction.fr\/?page_id=111\" class=\"more-link\">Lire la suite de<span class=\"screen-reader-text\">\u00ab\u00a0Services\u00a0\u00bb<\/span><\/a><\/p>\n","protected":false},"author":1,"featured_media":0,"parent":0,"menu_order":0,"comment_status":"closed","ping_status":"closed","template":"","meta":{"footnotes":""},"class_list":["post-111","page","type-page","status-publish","hentry"],"jetpack_sharing_enabled":true,"_links":{"self":[{"href":"https:\/\/lbformaction.fr\/index.php?rest_route=\/wp\/v2\/pages\/111","targetHints":{"allow":["GET"]}}],"collection":[{"href":"https:\/\/lbformaction.fr\/index.php?rest_route=\/wp\/v2\/pages"}],"about":[{"href":"https:\/\/lbformaction.fr\/index.php?rest_route=\/wp\/v2\/types\/page"}],"author":[{"embeddable":true,"href":"https:\/\/lbformaction.fr\/index.php?rest_route=\/wp\/v2\/users\/1"}],"replies":[{"embeddable":true,"href":"https:\/\/lbformaction.fr\/index.php?rest_route=%2Fwp%2Fv2%2Fcomments&post=111"}],"version-history":[{"count":29,"href":"https:\/\/lbformaction.fr\/index.php?rest_route=\/wp\/v2\/pages\/111\/revisions"}],"predecessor-version":[{"id":618,"href":"https:\/\/lbformaction.fr\/index.php?rest_route=\/wp\/v2\/pages\/111\/revisions\/618"}],"wp:attachment":[{"href":"https:\/\/lbformaction.fr\/index.php?rest_route=%2Fwp%2Fv2%2Fmedia&parent=111"}],"curies":[{"name":"wp","href":"https:\/\/api.w.org\/{rel}","templated":true}]}}